{"id":5422,"date":"2018-06-25T22:17:38","date_gmt":"2018-06-25T22:17:38","guid":{"rendered":"http:\/\/espacio.co.cr\/rudinarquitectura\/?page_id=5422"},"modified":"2023-11-03T19:39:11","modified_gmt":"2023-11-03T19:39:11","slug":"arquitectura-costa-rica","status":"publish","type":"page","link":"https:\/\/espacio.co.cr\/rudinarquitectura\/arquitectura-costa-rica\/","title":{"rendered":"Servicios Rudin Arquitectura"},"content":{"rendered":"<div class=\"wpb-content-wrapper\"><p>[vc_row disable_background_image=\u00bb1024&#8243; css=\u00bb.vc_custom_1530230310294{margin-right: 0px !important;margin-left: 0px !important;padding-top: 0px !important;padding-bottom: 0px !important;background-position: 0 0 !important;background-repeat: repeat !important;}\u00bb simple_background_image=\u00bb5724&#8243;][vc_column css=\u00bb.vc_custom_1530229087455{padding-top: 0px !important;padding-right: 0px !important;padding-bottom: 0px !important;padding-left: 0px !important;}\u00bb offset=\u00bbvc_col-lg-12 vc_col-md-12 vc_col-xs-12&#8243;]<div class=\"eltdf-elements-holder   eltdf-two-columns  eltdf-responsive-mode-768 \" ><div class=\"eltdf-eh-item     \" style=\"background-color: rgba(255,255,255,0.5)\" data-item-class=\"eltdf-eh-custom-3578\" data-1366-1600=\"185px 50px 350px 75px\" data-1024-1366=\"185px 50px 350px 75px\" data-768-1024=\"100px 20px 20px 20px\" data-680-768=\"100px 20px 20px 20px\" data-680=\"100px 20px 20px 20px\">\n\t\t<div class=\"eltdf-eh-item-inner\">\n\t\t<div class=\"eltdf-eh-item-content eltdf-eh-custom-3578\" style=\"padding: 300px 100px 200px 300px\">\n\t\t\t<div class=\"eltdf-section-title-holder  eltdf-st-standard eltdf-st-title-left eltdf-st-normal-space \" style=\"text-align: right\">\n\t<div class=\"eltdf-st-inner\">\n\t\t\t\t\t<h1 class=\"eltdf-st-title\" >\n\t\t\t\t<span class=\"eltdf-st-title-bold\">\u00bfQu\u00e9<\/span> <span class=\"eltdf-st-title-bold\">hacemos?<\/span>\t\t\t<\/h1>\n\t\t\t\t\t\t\t<div class=\"eltdf-separator-holder clearfix   \">\n\t<div class=\"eltdf-separator\" ><\/div>\n<\/div>\n\t\t\t\t\t<\/div>\n<\/div>[vc_column_text]<\/p>\n<h3 style=\"text-align: right;\"><span style=\"color: #333333;\"><strong>\u00a1Dise\u00f1amos arquitectura con alma! Espacios de calidad que responden a las caracter\u00edsticas del sitio y las necesidades de nuestros clientes. Nos preocupamos por entenderles, conocerles y transformar esas ideas en realidad.<\/strong><\/span><\/h3>\n<h3 style=\"text-align: right;\"><span style=\"color: #333333;\"><strong>Nos involucramos en su proyecto seg\u00fan el nivel que usted prefiera, desde una simple asesor\u00eda hasta el dise\u00f1o arquitect\u00f3nico del proyecto o la construcci\u00f3n llave en mano. \u00bfConversamos?<\/strong><\/span><\/h3>\n<p>[\/vc_column_text]\t\t<\/div>\n\t<\/div>\n<\/div>\n\n<div class=\"eltdf-eh-item     \"  data-item-class=\"eltdf-eh-custom-2228\" data-1366-1600=\"185px 350px 126px 350px\" data-1024-1366=\"185px 350px 126px 350px\">\n\t\t<div class=\"eltdf-eh-item-inner\">\n\t\t<div class=\"eltdf-eh-item-content eltdf-eh-custom-2228\" >\n\t\t\t\t\t<\/div>\n\t<\/div>\n<\/div>\n\n<\/div>[\/vc_column][\/vc_row][vc_row][vc_column][vc_empty_space height=\u00bb64px\u00bb][\/vc_column][\/vc_row][vc_row row_content_width=\u00bbgrid\u00bb content_text_aligment=\u00bbcenter\u00bb][vc_column width=\u00bb1\/4&#8243;]<div class=\"eltdf-single-image-holder   \">\n    <div class=\"eltdf-si-inner\" >\n                                    <img decoding=\"async\" width=\"1280\" height=\"960\" data-src=\"https:\/\/espacio.co.cr\/rudinarquitectura\/wp-content\/uploads\/2018\/06\/disen\u0303o-arquitectonico-Alma.jpg\" class=\"attachment-full size-full lazyload\" alt=\"dise\u00f1o planos casa\" data-srcset=\"https:\/\/espacio.co.cr\/rudinarquitectura\/wp-content\/uploads\/2018\/06\/disen\u0303o-arquitectonico-Alma.jpg 1280w, https:\/\/espacio.co.cr\/rudinarquitectura\/wp-content\/uploads\/2018\/06\/disen\u0303o-arquitectonico-Alma-600x450.jpg 600w, https:\/\/espacio.co.cr\/rudinarquitectura\/wp-content\/uploads\/2018\/06\/disen\u0303o-arquitectonico-Alma-300x225.jpg 300w, https:\/\/espacio.co.cr\/rudinarquitectura\/wp-content\/uploads\/2018\/06\/disen\u0303o-arquitectonico-Alma-768x576.jpg 768w, https:\/\/espacio.co.cr\/rudinarquitectura\/wp-content\/uploads\/2018\/06\/disen\u0303o-arquitectonico-Alma-1024x768.jpg 1024w\" data-sizes=\"(max-width: 1280px) 100vw, 1280px\" src=\"data:image\/svg+xml;base64,PHN2ZyB3aWR0aD0iMSIgaGVpZ2h0PSIxIiB4bWxucz0iaHR0cDovL3d3dy53My5vcmcvMjAwMC9zdmciPjwvc3ZnPg==\" style=\"--smush-placeholder-width: 1280px; --smush-placeholder-aspect-ratio: 1280\/960;\" \/>                        <\/div>\n<\/div><div class=\"eltdf-elements-holder   eltdf-one-column  eltdf-responsive-mode-768 \" ><div class=\"eltdf-eh-item     \"  data-item-class=\"eltdf-eh-custom-8272\" data-1366-1600=\"28px 0 50px 0\" data-1024-1366=\"28px 0 50px 0\" data-768-1024=\"28px 0 50px 0\" data-680-768=\"28px 0 50px 0\" data-680=\"28px 0 50px 0\">\n\t\t<div class=\"eltdf-eh-item-inner\">\n\t\t<div class=\"eltdf-eh-item-content eltdf-eh-custom-8272\" style=\"padding: 28px 5% 50px\">\n\t\t\t<div class=\"eltdf-section-title-holder  eltdf-st-standard eltdf-st-title-left eltdf-st-normal-space \" style=\"text-align: center\">\n\t<div class=\"eltdf-st-inner\">\n\t\t\t\t\t<h3 class=\"eltdf-st-title\" >\n\t\t\t\tArquitectura\t\t\t<\/h3>\n\t\t\t\t\t\t\t<\/div>\n<\/div>[vc_empty_space height=\u00bb18px\u00bb]<div class=\"eltd-separator-with-icon-holder clearfix\">\n\n    <div class=\"eltd-icon-holder\">\n        <span class=\"eltd-separator-left\" style=\"border-top: 1px solid #cccccc\"><\/span>\n        <i class=\"eltdf-icon-ion-icon ion-ios-lightbulb-outline \" ><\/i>        <span class=\"eltd-separator-right\" style=\"border-top: 1px solid #cccccc\"><\/span>\n    <\/div>\n<\/div>[vc_empty_space height=\u00bb10px\u00bb][vc_column_text]<\/p>\n<p><span style=\"font-weight: 400;\">Perm\u00edtanos plasmar sus ideas en realidad. Dise\u00f1amos planos y coordinamos con los profesionales necesarios para su construcci\u00f3n.<\/span><\/p>\n<p><span style=\"font-weight: 400;\">[\/vc_column_text][vc_empty_space height=\u00bb10px\u00bb]<a itemprop=\"url\" href=\"http:\/\/espacio.co.cr\/rudinarquitectura\/diseno-de-proyectos-arquitectonicos\/\" target=\"_self\" style=\"color: #000000;background-color: rgba(255,255,255,0.01);border-color: rgba(255,255,255,0.01);font-weight: 600\" class=\"eltdf-btn eltdf-btn-medium eltdf-btn-solid eltdf-btn-custom-hover-bg eltdf-btn-custom-border-hover eltdf-btn-custom-hover-color eltdf-btn-icon\" data-hover-color=\"#f48d61\" data-hover-bg-color=\"rgba(255,255,255,0.01)\" data-hover-border-color=\"rgba(255,255,255,0.01)\" >\n    <span class=\"eltdf-btn-text\">Ver m\u00e1s<\/span>\n    <i class=\"eltdf-icon-font-awesome fa fa-arrow-right \" ><\/i><\/a>\t\t<\/div>\n\t<\/div>\n<\/div>\n\n<\/div>[\/vc_column][vc_column width=\u00bb1\/4&#8243;]<div class=\"eltdf-single-image-holder   \">\n    <div class=\"eltdf-si-inner\" >\n                                    <img decoding=\"async\" width=\"1280\" height=\"960\" data-src=\"https:\/\/espacio.co.cr\/rudinarquitectura\/wp-content\/uploads\/2023\/11\/Diseno-interno-costarica-1.jpg\" class=\"attachment-full size-full lazyload\" alt=\"dise\u00f1o interno costa rica\" data-srcset=\"https:\/\/espacio.co.cr\/rudinarquitectura\/wp-content\/uploads\/2023\/11\/Diseno-interno-costarica-1.jpg 1280w, https:\/\/espacio.co.cr\/rudinarquitectura\/wp-content\/uploads\/2023\/11\/Diseno-interno-costarica-1-300x225.jpg 300w, https:\/\/espacio.co.cr\/rudinarquitectura\/wp-content\/uploads\/2023\/11\/Diseno-interno-costarica-1-1024x768.jpg 1024w, https:\/\/espacio.co.cr\/rudinarquitectura\/wp-content\/uploads\/2023\/11\/Diseno-interno-costarica-1-768x576.jpg 768w\" data-sizes=\"(max-width: 1280px) 100vw, 1280px\" src=\"data:image\/svg+xml;base64,PHN2ZyB3aWR0aD0iMSIgaGVpZ2h0PSIxIiB4bWxucz0iaHR0cDovL3d3dy53My5vcmcvMjAwMC9zdmciPjwvc3ZnPg==\" style=\"--smush-placeholder-width: 1280px; --smush-placeholder-aspect-ratio: 1280\/960;\" \/>                        <\/div>\n<\/div><div class=\"eltdf-elements-holder   eltdf-one-column  eltdf-responsive-mode-768 \" ><div class=\"eltdf-eh-item     \"  data-item-class=\"eltdf-eh-custom-4158\" data-1366-1600=\"28px 0 50px 0\" data-1024-1366=\"28px 0 50px 0\" data-768-1024=\"28px 0 50px 0\" data-680-768=\"28px 0 50px 0\" data-680=\"28px 0 50px 0\">\n\t\t<div class=\"eltdf-eh-item-inner\">\n\t\t<div class=\"eltdf-eh-item-content eltdf-eh-custom-4158\" style=\"padding: 28px 5% 50px\">\n\t\t\t<div class=\"eltdf-section-title-holder  eltdf-st-standard eltdf-st-title-left eltdf-st-normal-space \" style=\"text-align: center\">\n\t<div class=\"eltdf-st-inner\">\n\t\t\t\t\t<h3 class=\"eltdf-st-title\" >\n\t\t\t\tDise\u00f1o Interno\t\t\t<\/h3>\n\t\t\t\t\t\t\t<\/div>\n<\/div>[vc_empty_space height=\u00bb18px\u00bb]<div class=\"eltd-separator-with-icon-holder clearfix\">\n\n    <div class=\"eltd-icon-holder\">\n        <span class=\"eltd-separator-left\" style=\"border-top: 1px solid #cccccc\"><\/span>\n        <i class=\"eltdf-icon-font-awesome fa fa-paint-brush \" ><\/i>        <span class=\"eltd-separator-right\" style=\"border-top: 1px solid #cccccc\"><\/span>\n    <\/div>\n<\/div>[vc_empty_space height=\u00bb10px\u00bb][vc_column_text]<span style=\"font-weight: 400;\">\u00a1Imaginamos completamente! Nos acoplamos a los gustos, necesidades y visi\u00f3n de cada proyecto, sea una casa, oficina, restaurante o planta industrial.\u00a0<\/span>[\/vc_column_text][vc_empty_space height=\u00bb10px\u00bb]<a itemprop=\"url\" href=\"http:\/\/espacio.co.cr\/rudinarquitectura\/diseno-interno\/\" target=\"_self\" style=\"color: #000000;background-color: rgba(255,255,255,0.01);border-color: rgba(255,255,255,0.01);font-weight: 600\" class=\"eltdf-btn eltdf-btn-medium eltdf-btn-solid eltdf-btn-custom-hover-bg eltdf-btn-custom-border-hover eltdf-btn-custom-hover-color eltdf-btn-icon\" data-hover-color=\"#f48d61\" data-hover-bg-color=\"rgba(255,255,255,0.01)\" data-hover-border-color=\"rgba(255,255,255,0.01)\" >\n    <span class=\"eltdf-btn-text\">Ver m\u00e1s<\/span>\n    <i class=\"eltdf-icon-font-awesome fa fa-arrow-right \" ><\/i><\/a>\t\t<\/div>\n\t<\/div>\n<\/div>\n\n<\/div>[\/vc_column][vc_column width=\u00bb1\/4&#8243;]<div class=\"eltdf-single-image-holder   \">\n    <div class=\"eltdf-si-inner\" >\n                                    <img decoding=\"async\" width=\"1280\" height=\"960\" data-src=\"https:\/\/espacio.co.cr\/rudinarquitectura\/wp-content\/uploads\/2018\/06\/Direccion-Tecnica-Alma-Arquitectura-1.jpg\" class=\"attachment-full size-full lazyload\" alt=\"supervisar construccion costa rica\" data-srcset=\"https:\/\/espacio.co.cr\/rudinarquitectura\/wp-content\/uploads\/2018\/06\/Direccion-Tecnica-Alma-Arquitectura-1.jpg 1280w, https:\/\/espacio.co.cr\/rudinarquitectura\/wp-content\/uploads\/2018\/06\/Direccion-Tecnica-Alma-Arquitectura-1-600x450.jpg 600w, https:\/\/espacio.co.cr\/rudinarquitectura\/wp-content\/uploads\/2018\/06\/Direccion-Tecnica-Alma-Arquitectura-1-300x225.jpg 300w, https:\/\/espacio.co.cr\/rudinarquitectura\/wp-content\/uploads\/2018\/06\/Direccion-Tecnica-Alma-Arquitectura-1-768x576.jpg 768w, https:\/\/espacio.co.cr\/rudinarquitectura\/wp-content\/uploads\/2018\/06\/Direccion-Tecnica-Alma-Arquitectura-1-1024x768.jpg 1024w\" data-sizes=\"(max-width: 1280px) 100vw, 1280px\" src=\"data:image\/svg+xml;base64,PHN2ZyB3aWR0aD0iMSIgaGVpZ2h0PSIxIiB4bWxucz0iaHR0cDovL3d3dy53My5vcmcvMjAwMC9zdmciPjwvc3ZnPg==\" style=\"--smush-placeholder-width: 1280px; --smush-placeholder-aspect-ratio: 1280\/960;\" \/>                        <\/div>\n<\/div><div class=\"eltdf-elements-holder   eltdf-one-column  eltdf-responsive-mode-768 \" ><div class=\"eltdf-eh-item     \"  data-item-class=\"eltdf-eh-custom-5536\" data-1366-1600=\"28px 0 50px 0\" data-1024-1366=\"28px 0 50px 0\" data-768-1024=\"28px 0 50px 0\" data-680-768=\"28px 0 50px 0\" data-680=\"28px 0 50px 0\">\n\t\t<div class=\"eltdf-eh-item-inner\">\n\t\t<div class=\"eltdf-eh-item-content eltdf-eh-custom-5536\" style=\"padding: 28px 5% 50px\">\n\t\t\t<div class=\"eltdf-section-title-holder  eltdf-st-standard eltdf-st-title-left eltdf-st-normal-space \" style=\"text-align: center\">\n\t<div class=\"eltdf-st-inner\">\n\t\t\t\t\t<h3 class=\"eltdf-st-title\" >\n\t\t\t\tConstrucci\u00f3n\t\t\t<\/h3>\n\t\t\t\t\t\t\t<\/div>\n<\/div>[vc_empty_space height=\u00bb18px\u00bb]<div class=\"eltd-separator-with-icon-holder clearfix\">\n\n    <div class=\"eltd-icon-holder\">\n        <span class=\"eltd-separator-left\" style=\"border-top: 1px solid #cccccc\"><\/span>\n        <i class=\"eltdf-icon-font-awesome fa fa-wrench \" ><\/i>        <span class=\"eltd-separator-right\" style=\"border-top: 1px solid #cccccc\"><\/span>\n    <\/div>\n<\/div>[vc_empty_space height=\u00bb10px\u00bb][vc_column_text]<span style=\"font-weight: 400;\">La Arq. Rudin dirige cada proyecto para garantizar la correcta ejecuci\u00f3n de la obra en aspectos t\u00e9cnicos, de materiales y procesos constructivos.<\/span>[\/vc_column_text][vc_empty_space height=\u00bb10px\u00bb]<a itemprop=\"url\" href=\"http:\/\/espacio.co.cr\/rudinarquitectura\/construccion-de-obra\/\" target=\"_self\" style=\"color: #000000;background-color: rgba(255,255,255,0.01);border-color: rgba(255,255,255,0.01);font-weight: 600\" class=\"eltdf-btn eltdf-btn-medium eltdf-btn-solid eltdf-btn-custom-hover-bg eltdf-btn-custom-border-hover eltdf-btn-custom-hover-color eltdf-btn-icon\" data-hover-color=\"#f48d61\" data-hover-bg-color=\"rgba(255,255,255,0.01)\" data-hover-border-color=\"rgba(255,255,255,0.01)\" >\n    <span class=\"eltdf-btn-text\">Ver m\u00e1s<\/span>\n    <i class=\"eltdf-icon-font-awesome fa fa-arrow-right \" ><\/i><\/a>\t\t<\/div>\n\t<\/div>\n<\/div>\n\n<\/div>[\/vc_column][vc_column width=\u00bb1\/4&#8243;]<div class=\"eltdf-single-image-holder   \">\n    <div class=\"eltdf-si-inner\" >\n                                    <img decoding=\"async\" width=\"1280\" height=\"960\" data-src=\"https:\/\/espacio.co.cr\/rudinarquitectura\/wp-content\/uploads\/2023\/11\/asesoria-arquitectura-costa-rica.jpg\" class=\"attachment-full size-full lazyload\" alt=\"consultor\u00eda arquitectura costa rica\" data-srcset=\"https:\/\/espacio.co.cr\/rudinarquitectura\/wp-content\/uploads\/2023\/11\/asesoria-arquitectura-costa-rica.jpg 1280w, https:\/\/espacio.co.cr\/rudinarquitectura\/wp-content\/uploads\/2023\/11\/asesoria-arquitectura-costa-rica-300x225.jpg 300w, https:\/\/espacio.co.cr\/rudinarquitectura\/wp-content\/uploads\/2023\/11\/asesoria-arquitectura-costa-rica-1024x768.jpg 1024w, https:\/\/espacio.co.cr\/rudinarquitectura\/wp-content\/uploads\/2023\/11\/asesoria-arquitectura-costa-rica-768x576.jpg 768w\" data-sizes=\"(max-width: 1280px) 100vw, 1280px\" src=\"data:image\/svg+xml;base64,PHN2ZyB3aWR0aD0iMSIgaGVpZ2h0PSIxIiB4bWxucz0iaHR0cDovL3d3dy53My5vcmcvMjAwMC9zdmciPjwvc3ZnPg==\" style=\"--smush-placeholder-width: 1280px; --smush-placeholder-aspect-ratio: 1280\/960;\" \/>                        <\/div>\n<\/div><div class=\"eltdf-elements-holder   eltdf-one-column  eltdf-responsive-mode-768 \" ><div class=\"eltdf-eh-item     \"  data-item-class=\"eltdf-eh-custom-6403\" data-1366-1600=\"28px 0 50px 0\" data-1024-1366=\"28px 0 50px 0\" data-768-1024=\"28px 0 50px 0\" data-680-768=\"28px 0 50px 0\" data-680=\"28px 0 50px 0\">\n\t\t<div class=\"eltdf-eh-item-inner\">\n\t\t<div class=\"eltdf-eh-item-content eltdf-eh-custom-6403\" style=\"padding: 28px 5% 50px\">\n\t\t\t<div class=\"eltdf-section-title-holder  eltdf-st-standard eltdf-st-title-left eltdf-st-normal-space \" style=\"text-align: center\">\n\t<div class=\"eltdf-st-inner\">\n\t\t\t\t\t<h3 class=\"eltdf-st-title\" >\n\t\t\t\tSesi\u00f3n de trabajo\t\t\t<\/h3>\n\t\t\t\t\t\t\t<\/div>\n<\/div>[vc_empty_space height=\u00bb18px\u00bb]<div class=\"eltd-separator-with-icon-holder clearfix\">\n\n    <div class=\"eltd-icon-holder\">\n        <span class=\"eltd-separator-left\" style=\"border-top: 1px solid #cccccc\"><\/span>\n        <i class=\"eltdf-icon-ion-icon ion-ios-timer-outline \" ><\/i>        <span class=\"eltd-separator-right\" style=\"border-top: 1px solid #cccccc\"><\/span>\n    <\/div>\n<\/div>[vc_empty_space height=\u00bb10px\u00bb][vc_column_text]Solicite una reuni\u00f3n con la Arq. Rudin para resolver dudas sobre su proyecto existente o en proceso. Se resuelven problemas y se dibujan ideas aplicables en tiempo real.[\/vc_column_text][vc_empty_space height=\u00bb10px\u00bb]<a itemprop=\"url\" href=\"https:\/\/espacio.co.cr\/rudinarquitectura\/sesion-de-trabajo\/\" target=\"_self\" style=\"color: #000000;background-color: rgba(255,255,255,0.01);border-color: rgba(255,255,255,0.01);font-weight: 600\" class=\"eltdf-btn eltdf-btn-medium eltdf-btn-solid eltdf-btn-custom-hover-bg eltdf-btn-custom-border-hover eltdf-btn-custom-hover-color eltdf-btn-icon\" data-hover-color=\"#f48d61\" data-hover-bg-color=\"rgba(255,255,255,0.01)\" data-hover-border-color=\"rgba(255,255,255,0.01)\" >\n    <span class=\"eltdf-btn-text\">Ver m\u00e1s<\/span>\n    <i class=\"eltdf-icon-font-awesome fa fa-arrow-right \" ><\/i><\/a>\t\t<\/div>\n\t<\/div>\n<\/div>\n\n<\/div>[\/vc_column][\/vc_row][vc_row][vc_column][vc_empty_space][\/vc_column][\/vc_row][vc_row content_placement=\u00bbmiddle\u00bb row_content_width=\u00bbgrid\u00bb content_text_aligment=\u00bbcenter\u00bb css=\u00bb.vc_custom_1599692378084{margin-right: 10% !important;margin-left: 10% !important;padding-top: 0px !important;padding-bottom: 0px !important;background-position: 0 0 !important;background-repeat: repeat !important;}\u00bb][vc_column css=\u00bb.vc_custom_1524577705794{padding-top: 0px !important;padding-right: 0px !important;padding-bottom: 0px !important;padding-left: 0px !important;}\u00bb offset=\u00bbvc_col-lg-12 vc_col-md-12 vc_col-xs-12&#8243;]<div class=\"eltdf-elements-holder   eltdf-two-columns  eltdf-responsive-mode-1024 eltdf-one-column-alignment-center\" ><div class=\"eltdf-eh-item  eltdf-vertical-alignment-top   \" style=\"background-color: #ffffff\" data-item-class=\"eltdf-eh-custom-5182\">\n\t\t<div class=\"eltdf-eh-item-inner\">\n\t\t<div class=\"eltdf-eh-item-content eltdf-eh-custom-5182\" >\n\t\t\t<a itemprop=\"url\" href=\"tel:88416181\" target=\"_self\"  class=\"eltdf-btn eltdf-btn-medium eltdf-btn-solid\"  >\n    <span class=\"eltdf-btn-text\">Ll\u00e1menos<\/span>\n    <\/a>[vc_empty_space height=\u00bb10px\u00bb]\t\t<\/div>\n\t<\/div>\n<\/div>\n\n<div class=\"eltdf-eh-item  eltdf-vertical-alignment-top   \" style=\"background-color: #ffffff\" data-item-class=\"eltdf-eh-custom-6634\">\n\t\t<div class=\"eltdf-eh-item-inner\">\n\t\t<div class=\"eltdf-eh-item-content eltdf-eh-custom-6634\" style=\"padding: 0\">\n\t\t\t<a itemprop=\"url\" href=\"http:\/\/espacio.co.cr\/rudinarquitectura\/contacto\/\" target=\"_self\"  class=\"eltdf-btn eltdf-btn-medium eltdf-btn-solid\"  >\n    <span class=\"eltdf-btn-text\">Conversemos<\/span>\n    <\/a>[vc_empty_space height=\u00bb10px\u00bb]\t\t<\/div>\n\t<\/div>\n<\/div>\n\n<\/div>[\/vc_column][\/vc_row][vc_row][vc_column][vc_empty_space height=\u00bb64px\u00bb][\/vc_column][\/vc_row]<\/span><\/p>\n<\/div>","protected":false},"excerpt":{"rendered":"<p>[vc_row disable_background_image=\u00bb1024&#8243; css=\u00bb.vc_custom_1530230310294{margin-right: 0px !important;margin-left: 0px !important;padding-top: 0px !important;padding-bottom: 0px !important;background-position: 0 0 !important;background-repeat: repeat !important;}\u00bb simple_background_image=\u00bb5724&#8243;][vc_column css=\u00bb.vc_custom_1530229087455{padding-top: 0px !important;padding-right: 0px !important;padding-bottom: 0px !important;padding-left: 0px !important;}\u00bb offset=\u00bbvc_col-lg-12 vc_col-md-12 vc_col-xs-12&#8243;][\/vc_column][\/vc_row][vc_row][vc_column][vc_empty_space height=\u00bb64px\u00bb][\/vc_column][\/vc_row][vc_row row_content_width=\u00bbgrid\u00bb content_text_aligment=\u00bbcenter\u00bb][vc_column width=\u00bb1\/4&#8243;][\/vc_column][vc_column width=\u00bb1\/4&#8243;][\/vc_column][vc_column width=\u00bb1\/4&#8243;][\/vc_column][vc_column width=\u00bb1\/4&#8243;][\/vc_column][\/vc_row][vc_row][vc_column][vc_empty_space][\/vc_column][\/vc_row][vc_row content_placement=\u00bbmiddle\u00bb row_content_width=\u00bbgrid\u00bb content_text_aligment=\u00bbcenter\u00bb css=\u00bb.vc_custom_1599692378084{margin-right: [&hellip;]<\/p>\n","protected":false},"author":1,"featured_media":0,"parent":0,"menu_order":0,"comment_status":"closed","ping_status":"closed","template":"full-width.php","meta":{"_monsterinsights_skip_tracking":false,"_monsterinsights_sitenote_active":false,"_monsterinsights_sitenote_note":"","_monsterinsights_sitenote_category":0,"footnotes":"","_links_to":"","_links_to_target":""},"class_list":["post-5422","page","type-page","status-publish","hentry"],"_links":{"self":[{"href":"https:\/\/espacio.co.cr\/rudinarquitectura\/wp-json\/wp\/v2\/pages\/5422","targetHints":{"allow":["GET"]}}],"collection":[{"href":"https:\/\/espacio.co.cr\/rudinarquitectura\/wp-json\/wp\/v2\/pages"}],"about":[{"href":"https:\/\/espacio.co.cr\/rudinarquitectura\/wp-json\/wp\/v2\/types\/page"}],"author":[{"embeddable":true,"href":"https:\/\/espacio.co.cr\/rudinarquitectura\/wp-json\/wp\/v2\/users\/1"}],"replies":[{"embeddable":true,"href":"https:\/\/espacio.co.cr\/rudinarquitectura\/wp-json\/wp\/v2\/comments?post=5422"}],"version-history":[{"count":56,"href":"https:\/\/espacio.co.cr\/rudinarquitectura\/wp-json\/wp\/v2\/pages\/5422\/revisions"}],"predecessor-version":[{"id":10897,"href":"https:\/\/espacio.co.cr\/rudinarquitectura\/wp-json\/wp\/v2\/pages\/5422\/revisions\/10897"}],"wp:attachment":[{"href":"https:\/\/espacio.co.cr\/rudinarquitectura\/wp-json\/wp\/v2\/media?parent=5422"}],"curies":[{"name":"wp","href":"https:\/\/api.w.org\/{rel}","templated":true}]}}