{"id":5416,"date":"2018-06-25T22:10:22","date_gmt":"2018-06-25T22:10:22","guid":{"rendered":"http:\/\/espacio.co.cr\/rudinarquitectura\/?page_id=5416"},"modified":"2023-11-03T19:39:03","modified_gmt":"2023-11-03T19:39:03","slug":"construccion-de-obra","status":"publish","type":"page","link":"https:\/\/espacio.co.cr\/rudinarquitectura\/construccion-de-obra\/","title":{"rendered":"Construcci\u00f3n de obra"},"content":{"rendered":"<div class=\"wpb-content-wrapper\"><p>[vc_row css=\u00bb.vc_custom_1524662744566{margin-right: 0px !important;margin-left: 0px !important;padding-top: 0px !important;padding-bottom: 0px !important;background-position: 0 0 !important;background-repeat: repeat !important;}\u00bb][vc_column css=\u00bb.vc_custom_1529350877470{padding-top: 0px !important;padding-right: 0px !important;padding-bottom: 0px !important;padding-left: 0px !important;}\u00bb offset=\u00bbvc_col-lg-12 vc_col-md-12 vc_col-xs-12&#8243;]<div class=\"eltdf-elements-holder   eltdf-two-columns  eltdf-responsive-mode-1024 \" ><div class=\"eltdf-eh-item  eltdf-vertical-alignment-top   \" style=\"background-color: #000000\" data-item-class=\"eltdf-eh-custom-5929\" data-1366-1600=\"150px 45px 45px 125px\" data-1024-1366=\"150px 45px 45px 125px\" data-768-1024=\"100px 25px 25px 25px\" data-680-768=\"100px 25px 25px 25px\" data-680=\"100px 25px 25px 25px\">\n\t\t<div class=\"eltdf-eh-item-inner\">\n\t\t<div class=\"eltdf-eh-item-content eltdf-eh-custom-5929\" style=\"padding: 150px 45px 45px 425px\">\n\t\t\t<div class=\"eltdf-section-title-holder  eltdf-st-standard eltdf-st-title-left eltdf-st-normal-space \" style=\"text-align: right\">\n\t<div class=\"eltdf-st-inner\">\n\t\t\t\t\t<h1 class=\"eltdf-st-title\" style=\"color: #ffffff\">\n\t\t\t\t<span class=\"eltdf-st-title-bold\">Construcci\u00f3n<\/span> <span class=\"eltdf-st-title-bold\">y<\/span> <span class=\"eltdf-st-title-bold\">direcci\u00f3n<\/span><br \/> de la obra\t\t\t<\/h1>\n\t\t\t\t\t\t\t<\/div>\n<\/div>[vc_empty_space height=\u00bb30px\u00bb]\t\t<\/div>\n\t<\/div>\n<\/div>\n\n<div class=\"eltdf-eh-item  eltdf-vertical-alignment-top   \" style=\"background-color: #000000\" data-item-class=\"eltdf-eh-custom-4091\" data-1366-1600=\"150px 125px 45px 0px\" data-1024-1366=\"150px 125px 45px 0px\" data-768-1024=\"20px 25px 25px 25px\" data-680-768=\"20px 25px 25px 25px\" data-680=\"20px 25px 25px 25px\">\n\t\t<div class=\"eltdf-eh-item-inner\">\n\t\t<div class=\"eltdf-eh-item-content eltdf-eh-custom-4091\" style=\"padding: 150px 425px 45px 0px\">\n\t\t\t[vc_column_text]<span style=\"color: #ffffff;\">La Arq. Rudin supervisa personalmente cada uno de sus proyectos para garantizar la correcta ejecuci\u00f3n de la obra en aspectos t\u00e9cnicos, calidad de materiales y procesos constructivos.<br \/>\n<\/span><\/p>\n<p><span style=\"color: #ffffff;\"><strong>La Directora T\u00e9cnica de una obra en construcci\u00f3n es la profesional responsable del cumplimiento del proceso seg\u00fan los planos constructivos y la legislaci\u00f3n vigente en el pa\u00eds.<\/strong><\/span><\/p>\n<p><span style=\"color: #ffffff;\">Aseg\u00farese un trabajo de seguro y de calidad.<\/span>[\/vc_column_text][vc_empty_space height=\u00bb30px\u00bb]\t\t<\/div>\n\t<\/div>\n<\/div>\n\n<\/div>[\/vc_column][\/vc_row][vc_row equal_height=\u00bbyes\u00bb css=\u00bb.vc_custom_1599755367860{margin-right: 0px !important;margin-left: 0px !important;padding-top: 0px !important;padding-bottom: 0px !important;background-position: 0 0 !important;background-repeat: repeat !important;}\u00bb][vc_column css=\u00bb.vc_custom_1524577705794{padding-top: 0px !important;padding-right: 0px !important;padding-bottom: 0px !important;padding-left: 0px !important;}\u00bb offset=\u00bbvc_col-lg-12 vc_col-md-12 vc_col-xs-12&#8243;]<div class=\"eltdf-elements-holder   eltdf-two-columns  eltdf-responsive-mode-1024 \" ><div class=\"eltdf-eh-item     eltdf-eh-item-with-overlay lazyload\" style=\"background-color: #ffffff;background-image:inherit\" data-item-class=\"eltdf-eh-custom-7668\" data-1366-1600=\"157px 94px 126px 149px\" data-1024-1366=\"128px 110px 135px 110px\" data-768-1024=\"130px 272px\" data-680-768=\"104px 100px 115px 100px\" data-680=\"100px 50px\" data-bg-image=\"url(https:\/\/espacio.co.cr\/rudinarquitectura\/wp-content\/uploads\/2018\/04\/pattern.jpg)\">\n\t\t\t<div class=\"eltdf-eh-item-color-overlay\" style=\"background-color: #ffffff\"><\/div>\n\t\t<div class=\"eltdf-eh-item-inner\">\n\t\t<div class=\"eltdf-eh-item-content eltdf-eh-custom-7668\" style=\"padding: 233px 238px 241px 290px\">\n\t\t\t<div class=\"eltdf-section-title-holder  eltdf-st-standard eltdf-st-title-left eltdf-st-normal-space \" style=\"text-align: right\">\n\t<div class=\"eltdf-st-inner\">\n\t\t\t\t\t<h2 class=\"eltdf-st-title\" style=\"color: #080808\">\n\t\t\t\tDirecci\u00f3n t\u00e9cnica\t\t\t<\/h2>\n\t\t\t\t\t\t\t<div class=\"eltdf-separator-holder clearfix   \">\n\t<div class=\"eltdf-separator\" ><\/div>\n<\/div>\n\t\t\t\t\t<\/div>\n<\/div>[vc_column_text]<\/p>\n<p style=\"text-align: right;\">Para cada proyecto dise\u00f1ado se incluye la direcci\u00f3n t\u00e9cnica para supervisar y controlar la correcta ejecuci\u00f3n de la obra. Se realizan visitas peri\u00f3dicas y se lleva control en la bit\u00e1cora de obra registrada por el CFIA as\u00ed como un registro fotogr\u00e1fico. En estas inspecciones se hacen correcciones en sitio, se dise\u00f1an cambios solicitados por el propietario sobre la marcha, se resuelven imprevistos y se revisan materiales. Aplica para todo tipo de proyectos, sean de construcci\u00f3n desde cero, remodelaci\u00f3n o interiorismo.<\/p>\n<p>[\/vc_column_text]\t\t<\/div>\n\t<\/div>\n<\/div>\n\n<div class=\"eltdf-eh-item  eltdf-vertical-alignment-top   \" style=\"background-color: #ffffff\" data-item-class=\"eltdf-eh-custom-5598\" data-1366-1600=\"157px 149px 126px 94px\" data-1024-1366=\"5% 140px 5% 94px\" data-768-1024=\"450px 272px\" data-680-768=\"450px 100px 115px 100px\" data-680=\"100px 50px\">\n\t\t<div class=\"eltdf-eh-item-inner\">\n\t\t<div class=\"eltdf-eh-item-content eltdf-eh-custom-5598\" style=\"padding: 0\">\n\t\t\t<div class=\"eltdf-swaying-image-holder eltdf-si-with-border eltdf-si-to-right\">\n\t\t<div class=\"eltdf-swaying-image lazyload\" style=\"background-image:inherit\" data-bg-image=\"url(https:\/\/espacio.co.cr\/rudinarquitectura\/wp-content\/uploads\/2018\/06\/IMG_7461.jpg)\"><\/div>\n\t\t\t<div class=\"eltdf-si-border\"  ><\/div>\n\t<\/div>\t\t<\/div>\n\t<\/div>\n<\/div>\n\n<\/div>[\/vc_column][\/vc_row][vc_row equal_height=\u00bbyes\u00bb css=\u00bb.vc_custom_1599755472281{margin-right: 0px !important;margin-left: 0px !important;padding-top: 0px !important;padding-bottom: 0px !important;background-position: 0 0 !important;background-repeat: repeat !important;}\u00bb][vc_column css=\u00bb.vc_custom_1524577705794{padding-top: 0px !important;padding-right: 0px !important;padding-bottom: 0px !important;padding-left: 0px !important;}\u00bb offset=\u00bbvc_col-lg-12 vc_col-md-12 vc_col-xs-12&#8243;]<div class=\"eltdf-elements-holder   eltdf-two-columns  eltdf-responsive-mode-1024 \" ><div class=\"eltdf-eh-item  eltdf-vertical-alignment-top   \" style=\"background-color: #ffffff\" data-item-class=\"eltdf-eh-custom-5261\" data-1366-1600=\"157px 149px 126px 94px\" data-1024-1366=\"5% 140px 5% 94px\" data-768-1024=\"275px 272px\" data-680-768=\"275px 100px 115px 100px\" data-680=\"100px 50px\">\n\t\t<div class=\"eltdf-eh-item-inner\">\n\t\t<div class=\"eltdf-eh-item-content eltdf-eh-custom-5261\" style=\"padding: 0\">\n\t\t\t<div class=\"eltdf-swaying-image-holder eltdf-si-with-border eltdf-si-to-right\">\n\t\t<div class=\"eltdf-swaying-image lazyload\" style=\"background-image:inherit\" data-bg-image=\"url(https:\/\/espacio.co.cr\/rudinarquitectura\/wp-content\/uploads\/2018\/06\/Alma-somos.jpg)\"><\/div>\n\t\t\t<div class=\"eltdf-si-border\"  ><\/div>\n\t<\/div>\t\t<\/div>\n\t<\/div>\n<\/div>\n\n<div class=\"eltdf-eh-item  eltdf-vertical-alignment-top   eltdf-eh-item-with-overlay lazyload\" style=\"background-color: #ffffff;background-image:inherit\" data-item-class=\"eltdf-eh-custom-4005\" data-1366-1600=\"157px 149px 126px 94px\" data-1024-1366=\"128px 110px 135px 110px\" data-768-1024=\"130px 272px\" data-680-768=\"104px 100px 115px 100px\" data-680=\"100px 50px\" data-bg-image=\"url(https:\/\/espacio.co.cr\/rudinarquitectura\/wp-content\/uploads\/2018\/04\/pattern.jpg)\">\n\t\t\t<div class=\"eltdf-eh-item-color-overlay\" style=\"background-color: #ffffff\"><\/div>\n\t\t<div class=\"eltdf-eh-item-inner\">\n\t\t<div class=\"eltdf-eh-item-content eltdf-eh-custom-4005\" style=\"padding: 233px 290px 241px 238px\">\n\t\t\t<div class=\"eltdf-section-title-holder  eltdf-st-standard eltdf-st-title-left eltdf-st-normal-space \" style=\"text-align: left\">\n\t<div class=\"eltdf-st-inner\">\n\t\t\t\t\t<h2 class=\"eltdf-st-title\" style=\"color: #080808\">\n\t\t\t\tAsesor\u00eda en sitio: Inspecci\u00f3n\t\t\t<\/h2>\n\t\t\t\t\t\t\t<div class=\"eltdf-separator-holder clearfix   \">\n\t<div class=\"eltdf-separator\" ><\/div>\n<\/div>\n\t\t\t\t\t<\/div>\n<\/div>[vc_column_text]<\/p>\n<p style=\"text-align: left;\">Ya sea para aconsejar sobre la viabilidad de un lote para construcci\u00f3n, para resolver un tema arquitect\u00f3nico en una construcci\u00f3n en proceso o para recomendar un plan de acci\u00f3n respecto a un tema de inter\u00e9s, en la asesor\u00eda en sitio la arquitecta har\u00e1 una visita de inspecci\u00f3n para evaluar el tema y ofrecer una recomendaci\u00f3n. Cada inspecci\u00f3n se respalda con un informe que resume los resultados de la visita.<\/p>\n<p>[\/vc_column_text]\t\t<\/div>\n\t<\/div>\n<\/div>\n\n<\/div>[\/vc_column][\/vc_row][vc_row][vc_column][vc_empty_space height=\u00bb64px\u00bb][\/vc_column][\/vc_row][vc_row css=\u00bb.vc_custom_1524662744566{margin-right: 0px !important;margin-left: 0px !important;padding-top: 0px !important;padding-bottom: 0px !important;background-position: 0 0 !important;background-repeat: repeat !important;}\u00bb][vc_column css=\u00bb.vc_custom_1524577705794{padding-top: 0px !important;padding-right: 0px !important;padding-bottom: 0px !important;padding-left: 0px !important;}\u00bb offset=\u00bbvc_col-lg-12 vc_col-md-12 vc_col-xs-12&#8243;]<div class=\"eltdf-elements-holder   eltdf-one-column  eltdf-responsive-mode-768 \" ><div class=\"eltdf-eh-item     \"  data-item-class=\"eltdf-eh-custom-1838\">\n\t\t<div class=\"eltdf-eh-item-inner\">\n\t\t<div class=\"eltdf-eh-item-content eltdf-eh-custom-1838\" >\n\t\t\t<div class=\"eltdf-section-title-holder  eltdf-st-standard eltdf-st-title-left eltdf-st-normal-space \" style=\"text-align: center\">\n\t<div class=\"eltdf-st-inner\">\n\t\t\t\t\t<h2 class=\"eltdf-st-title\" >\n\t\t\t\tOtros servicios\t\t\t<\/h2>\n\t\t\t\t\t\t\t<div class=\"eltdf-separator-holder clearfix   \">\n\t<div class=\"eltdf-separator\" ><\/div>\n<\/div>\n\t\t\t\t\t<\/div>\n<\/div>\t\t<\/div>\n\t<\/div>\n<\/div>\n\n<\/div>[\/vc_column][\/vc_row][vc_row][vc_column][vc_empty_space height=\u00bb64px\u00bb][\/vc_column][\/vc_row][vc_row row_content_width=\u00bbgrid\u00bb content_text_aligment=\u00bbcenter\u00bb][vc_column width=\u00bb1\/3&#8243;]<div class=\"eltdf-single-image-holder   \">\n    <div class=\"eltdf-si-inner\" >\n                                    <img decoding=\"async\" width=\"1280\" height=\"960\" data-src=\"https:\/\/espacio.co.cr\/rudinarquitectura\/wp-content\/uploads\/2018\/06\/disen\u0303o-arquitectonico-Alma.jpg\" class=\"attachment-full size-full lazyload\" alt=\"dise\u00f1o planos casa\" data-srcset=\"https:\/\/espacio.co.cr\/rudinarquitectura\/wp-content\/uploads\/2018\/06\/disen\u0303o-arquitectonico-Alma.jpg 1280w, https:\/\/espacio.co.cr\/rudinarquitectura\/wp-content\/uploads\/2018\/06\/disen\u0303o-arquitectonico-Alma-600x450.jpg 600w, https:\/\/espacio.co.cr\/rudinarquitectura\/wp-content\/uploads\/2018\/06\/disen\u0303o-arquitectonico-Alma-300x225.jpg 300w, https:\/\/espacio.co.cr\/rudinarquitectura\/wp-content\/uploads\/2018\/06\/disen\u0303o-arquitectonico-Alma-768x576.jpg 768w, https:\/\/espacio.co.cr\/rudinarquitectura\/wp-content\/uploads\/2018\/06\/disen\u0303o-arquitectonico-Alma-1024x768.jpg 1024w\" data-sizes=\"(max-width: 1280px) 100vw, 1280px\" src=\"data:image\/svg+xml;base64,PHN2ZyB3aWR0aD0iMSIgaGVpZ2h0PSIxIiB4bWxucz0iaHR0cDovL3d3dy53My5vcmcvMjAwMC9zdmciPjwvc3ZnPg==\" style=\"--smush-placeholder-width: 1280px; --smush-placeholder-aspect-ratio: 1280\/960;\" \/>                        <\/div>\n<\/div><div class=\"eltdf-elements-holder   eltdf-one-column  eltdf-responsive-mode-768 \" ><div class=\"eltdf-eh-item     \"  data-item-class=\"eltdf-eh-custom-9628\" data-1366-1600=\"28px 0 50px 0\" data-1024-1366=\"28px 0 50px 0\" data-768-1024=\"28px 0 50px 0\" data-680-768=\"28px 0 50px 0\" data-680=\"28px 0 50px 0\">\n\t\t<div class=\"eltdf-eh-item-inner\">\n\t\t<div class=\"eltdf-eh-item-content eltdf-eh-custom-9628\" style=\"padding: 28px 5% 50px\">\n\t\t\t<div class=\"eltdf-section-title-holder  eltdf-st-standard eltdf-st-title-left eltdf-st-normal-space \" style=\"text-align: center\">\n\t<div class=\"eltdf-st-inner\">\n\t\t\t\t\t<h3 class=\"eltdf-st-title\" >\n\t\t\t\tArquitectura\t\t\t<\/h3>\n\t\t\t\t\t\t\t<\/div>\n<\/div>[vc_empty_space height=\u00bb18px\u00bb]<div class=\"eltd-separator-with-icon-holder clearfix\">\n\n    <div class=\"eltd-icon-holder\">\n        <span class=\"eltd-separator-left\" style=\"border-top: 1px solid #cccccc\"><\/span>\n        <i class=\"eltdf-icon-ion-icon ion-ios-lightbulb-outline \" ><\/i>        <span class=\"eltd-separator-right\" style=\"border-top: 1px solid #cccccc\"><\/span>\n    <\/div>\n<\/div>[vc_empty_space height=\u00bb10px\u00bb][vc_column_text]<\/p>\n<p><span style=\"font-weight: 400;\">Perm\u00edtanos plasmar sus ideas en realidad. Dise\u00f1amos planos y coordinamos con los profesionales necesarios para su construcci\u00f3n.<\/span><\/p>\n<p><span style=\"font-weight: 400;\">[\/vc_column_text][vc_empty_space height=\u00bb10px\u00bb]<a itemprop=\"url\" href=\"http:\/\/espacio.co.cr\/rudinarquitectura\/diseno-de-proyectos-arquitectonicos\/\" target=\"_self\" style=\"color: #000000;background-color: rgba(255,255,255,0.01);border-color: rgba(255,255,255,0.01);font-weight: 600\" class=\"eltdf-btn eltdf-btn-medium eltdf-btn-solid eltdf-btn-custom-hover-bg eltdf-btn-custom-border-hover eltdf-btn-custom-hover-color eltdf-btn-icon\" data-hover-color=\"#f48d61\" data-hover-bg-color=\"rgba(255,255,255,0.01)\" data-hover-border-color=\"rgba(255,255,255,0.01)\" >\n    <span class=\"eltdf-btn-text\">Ver m\u00e1s<\/span>\n    <i class=\"eltdf-icon-font-awesome fa fa-arrow-right \" ><\/i><\/a>\t\t<\/div>\n\t<\/div>\n<\/div>\n\n<\/div>[\/vc_column][vc_column width=\u00bb1\/3&#8243;]<div class=\"eltdf-single-image-holder   \">\n    <div class=\"eltdf-si-inner\" >\n                                    <img decoding=\"async\" width=\"1280\" height=\"960\" data-src=\"https:\/\/espacio.co.cr\/rudinarquitectura\/wp-content\/uploads\/2023\/11\/asesoria-arquitectura-costa-rica.jpg\" class=\"attachment-full size-full lazyload\" alt=\"consultor\u00eda arquitectura costa rica\" data-srcset=\"https:\/\/espacio.co.cr\/rudinarquitectura\/wp-content\/uploads\/2023\/11\/asesoria-arquitectura-costa-rica.jpg 1280w, https:\/\/espacio.co.cr\/rudinarquitectura\/wp-content\/uploads\/2023\/11\/asesoria-arquitectura-costa-rica-300x225.jpg 300w, https:\/\/espacio.co.cr\/rudinarquitectura\/wp-content\/uploads\/2023\/11\/asesoria-arquitectura-costa-rica-1024x768.jpg 1024w, https:\/\/espacio.co.cr\/rudinarquitectura\/wp-content\/uploads\/2023\/11\/asesoria-arquitectura-costa-rica-768x576.jpg 768w\" data-sizes=\"(max-width: 1280px) 100vw, 1280px\" src=\"data:image\/svg+xml;base64,PHN2ZyB3aWR0aD0iMSIgaGVpZ2h0PSIxIiB4bWxucz0iaHR0cDovL3d3dy53My5vcmcvMjAwMC9zdmciPjwvc3ZnPg==\" style=\"--smush-placeholder-width: 1280px; --smush-placeholder-aspect-ratio: 1280\/960;\" \/>                        <\/div>\n<\/div><div class=\"eltdf-elements-holder   eltdf-one-column  eltdf-responsive-mode-768 \" ><div class=\"eltdf-eh-item     \"  data-item-class=\"eltdf-eh-custom-1975\" data-1366-1600=\"28px 0 50px 0\" data-1024-1366=\"28px 0 50px 0\" data-768-1024=\"28px 0 50px 0\" data-680-768=\"28px 0 50px 0\" data-680=\"28px 0 50px 0\">\n\t\t<div class=\"eltdf-eh-item-inner\">\n\t\t<div class=\"eltdf-eh-item-content eltdf-eh-custom-1975\" style=\"padding: 28px 5% 50px\">\n\t\t\t<div class=\"eltdf-section-title-holder  eltdf-st-standard eltdf-st-title-left eltdf-st-normal-space \" style=\"text-align: center\">\n\t<div class=\"eltdf-st-inner\">\n\t\t\t\t\t<h3 class=\"eltdf-st-title\" >\n\t\t\t\tSesi\u00f3n de trabajo\t\t\t<\/h3>\n\t\t\t\t\t\t\t<\/div>\n<\/div>[vc_empty_space height=\u00bb18px\u00bb]<div class=\"eltd-separator-with-icon-holder clearfix\">\n\n    <div class=\"eltd-icon-holder\">\n        <span class=\"eltd-separator-left\" style=\"border-top: 1px solid #cccccc\"><\/span>\n        <i class=\"eltdf-icon-font-awesome fa fa-clock-o \" ><\/i>        <span class=\"eltd-separator-right\" style=\"border-top: 1px solid #cccccc\"><\/span>\n    <\/div>\n<\/div>[vc_empty_space height=\u00bb10px\u00bb][vc_column_text]Solicite una reuni\u00f3n con la Arq. Rudin para resolver dudas sobre su proyecto existente o en proceso. Se resuelven problemas y se dibujan ideas aplicables en tiempo real.<\/span><\/p>\n<p>[\/vc_column_text][vc_empty_space height=\u00bb10px\u00bb]<a itemprop=\"url\" href=\"https:\/\/espacio.co.cr\/rudinarquitectura\/sesion-de-trabajo\/\" target=\"_self\" style=\"color: #000000;background-color: rgba(255,255,255,0.01);border-color: rgba(255,255,255,0.01);font-weight: 600\" class=\"eltdf-btn eltdf-btn-medium eltdf-btn-solid eltdf-btn-custom-hover-bg eltdf-btn-custom-border-hover eltdf-btn-custom-hover-color eltdf-btn-icon\" data-hover-color=\"#f48d61\" data-hover-bg-color=\"rgba(255,255,255,0.01)\" data-hover-border-color=\"rgba(255,255,255,0.01)\" >\n    <span class=\"eltdf-btn-text\">Ver m\u00e1s<\/span>\n    <i class=\"eltdf-icon-font-awesome fa fa-arrow-right \" ><\/i><\/a>\t\t<\/div>\n\t<\/div>\n<\/div>\n\n<\/div>[\/vc_column][vc_column width=\u00bb1\/3&#8243;]<div class=\"eltdf-single-image-holder   \">\n    <div class=\"eltdf-si-inner\" >\n                                    <img decoding=\"async\" width=\"1280\" height=\"960\" data-src=\"https:\/\/espacio.co.cr\/rudinarquitectura\/wp-content\/uploads\/2023\/11\/Diseno-interno-costarica-1.jpg\" class=\"attachment-full size-full lazyload\" alt=\"dise\u00f1o interno costa rica\" data-srcset=\"https:\/\/espacio.co.cr\/rudinarquitectura\/wp-content\/uploads\/2023\/11\/Diseno-interno-costarica-1.jpg 1280w, https:\/\/espacio.co.cr\/rudinarquitectura\/wp-content\/uploads\/2023\/11\/Diseno-interno-costarica-1-300x225.jpg 300w, https:\/\/espacio.co.cr\/rudinarquitectura\/wp-content\/uploads\/2023\/11\/Diseno-interno-costarica-1-1024x768.jpg 1024w, https:\/\/espacio.co.cr\/rudinarquitectura\/wp-content\/uploads\/2023\/11\/Diseno-interno-costarica-1-768x576.jpg 768w\" data-sizes=\"(max-width: 1280px) 100vw, 1280px\" src=\"data:image\/svg+xml;base64,PHN2ZyB3aWR0aD0iMSIgaGVpZ2h0PSIxIiB4bWxucz0iaHR0cDovL3d3dy53My5vcmcvMjAwMC9zdmciPjwvc3ZnPg==\" style=\"--smush-placeholder-width: 1280px; --smush-placeholder-aspect-ratio: 1280\/960;\" \/>                        <\/div>\n<\/div><div class=\"eltdf-elements-holder   eltdf-one-column  eltdf-responsive-mode-768 \" ><div class=\"eltdf-eh-item     \"  data-item-class=\"eltdf-eh-custom-1913\" data-1366-1600=\"28px 0 50px 0\" data-1024-1366=\"28px 0 50px 0\" data-768-1024=\"28px 0 50px 0\" data-680-768=\"28px 0 50px 0\" data-680=\"28px 0 50px 0\">\n\t\t<div class=\"eltdf-eh-item-inner\">\n\t\t<div class=\"eltdf-eh-item-content eltdf-eh-custom-1913\" style=\"padding: 28px 5% 50px\">\n\t\t\t<div class=\"eltdf-section-title-holder  eltdf-st-standard eltdf-st-title-left eltdf-st-normal-space \" style=\"text-align: center\">\n\t<div class=\"eltdf-st-inner\">\n\t\t\t\t\t<h3 class=\"eltdf-st-title\" >\n\t\t\t\tDise\u00f1o Interno\t\t\t<\/h3>\n\t\t\t\t\t\t\t<\/div>\n<\/div>[vc_empty_space height=\u00bb18px\u00bb]<div class=\"eltd-separator-with-icon-holder clearfix\">\n\n    <div class=\"eltd-icon-holder\">\n        <span class=\"eltd-separator-left\" style=\"border-top: 1px solid #cccccc\"><\/span>\n        <i class=\"eltdf-icon-font-awesome fa fa-paint-brush \" ><\/i>        <span class=\"eltd-separator-right\" style=\"border-top: 1px solid #cccccc\"><\/span>\n    <\/div>\n<\/div>[vc_empty_space height=\u00bb10px\u00bb][vc_column_text]<\/p>\n<p><span style=\"font-weight: 400;\">\u00a1Imaginamos completamente! Sabemos que cada quien tiene sus gustos, pero perm\u00edtanos recomendarle sobre ese espacio especial de su hogar.<\/span><\/p>\n<p><span style=\"font-weight: 400;\">[\/vc_column_text][vc_empty_space height=\u00bb10px\u00bb]<a itemprop=\"url\" href=\"http:\/\/espacio.co.cr\/rudinarquitectura\/diseno-interno\/\" target=\"_self\" style=\"color: #000000;background-color: rgba(255,255,255,0.01);border-color: rgba(255,255,255,0.01);font-weight: 600\" class=\"eltdf-btn eltdf-btn-medium eltdf-btn-solid eltdf-btn-custom-hover-bg eltdf-btn-custom-border-hover eltdf-btn-custom-hover-color eltdf-btn-icon\" data-hover-color=\"#f48d61\" data-hover-bg-color=\"rgba(255,255,255,0.01)\" data-hover-border-color=\"rgba(255,255,255,0.01)\" >\n    <span class=\"eltdf-btn-text\">Ver m\u00e1s<\/span>\n    <i class=\"eltdf-icon-font-awesome fa fa-arrow-right \" ><\/i><\/a>\t\t<\/div>\n\t<\/div>\n<\/div>\n\n<\/div>[\/vc_column][\/vc_row][vc_row][vc_column][vc_empty_space][\/vc_column][\/vc_row][vc_row content_placement=\u00bbmiddle\u00bb row_content_width=\u00bbgrid\u00bb content_text_aligment=\u00bbcenter\u00bb css=\u00bb.vc_custom_1599692378084{margin-right: 10% !important;margin-left: 10% !important;padding-top: 0px !important;padding-bottom: 0px !important;background-position: 0 0 !important;background-repeat: repeat !important;}\u00bb][vc_column css=\u00bb.vc_custom_1524577705794{padding-top: 0px !important;padding-right: 0px !important;padding-bottom: 0px !important;padding-left: 0px !important;}\u00bb offset=\u00bbvc_col-lg-12 vc_col-md-12 vc_col-xs-12&#8243;]<div class=\"eltdf-elements-holder   eltdf-two-columns  eltdf-responsive-mode-1024 eltdf-one-column-alignment-center\" ><div class=\"eltdf-eh-item  eltdf-vertical-alignment-top   \" style=\"background-color: #ffffff\" data-item-class=\"eltdf-eh-custom-6840\">\n\t\t<div class=\"eltdf-eh-item-inner\">\n\t\t<div class=\"eltdf-eh-item-content eltdf-eh-custom-6840\" >\n\t\t\t<a itemprop=\"url\" href=\"tel:88416181\" target=\"_self\"  class=\"eltdf-btn eltdf-btn-medium eltdf-btn-solid\"  >\n    <span class=\"eltdf-btn-text\">Ll\u00e1menos<\/span>\n    <\/a>[vc_empty_space height=\u00bb10px\u00bb]\t\t<\/div>\n\t<\/div>\n<\/div>\n\n<div class=\"eltdf-eh-item  eltdf-vertical-alignment-top   \" style=\"background-color: #ffffff\" data-item-class=\"eltdf-eh-custom-2926\">\n\t\t<div class=\"eltdf-eh-item-inner\">\n\t\t<div class=\"eltdf-eh-item-content eltdf-eh-custom-2926\" style=\"padding: 0\">\n\t\t\t<a itemprop=\"url\" href=\"http:\/\/espacio.co.cr\/rudinarquitectura\/contacto\/\" target=\"_self\"  class=\"eltdf-btn eltdf-btn-medium eltdf-btn-solid\"  >\n    <span class=\"eltdf-btn-text\">Conversemos<\/span>\n    <\/a>[vc_empty_space height=\u00bb10px\u00bb]\t\t<\/div>\n\t<\/div>\n<\/div>\n\n<\/div>[\/vc_column][\/vc_row][vc_row][vc_column][vc_empty_space height=\u00bb64px\u00bb][\/vc_column][\/vc_row][vc_column css=\u00bb.vc_custom_1524577705794{padding-top: 0px !important;padding-right: 0px !important;padding-bottom: 0px !important;padding-left: 0px !important;}\u00bb offset=\u00bbvc_col-lg-12 vc_col-md-12 vc_col-xs-12&#8243;][\/vc_column]<div class=\"eltdf-elements-holder   eltdf-two-columns  eltdf-responsive-mode-1024 \" ><\/div><\/span><\/p>\n<\/div>","protected":false},"excerpt":{"rendered":"<p>[vc_row css=\u00bb.vc_custom_1524662744566{margin-right: 0px !important;margin-left: 0px !important;padding-top: 0px !important;padding-bottom: 0px !important;background-position: 0 0 !important;background-repeat: repeat !important;}\u00bb][vc_column css=\u00bb.vc_custom_1529350877470{padding-top: 0px !important;padding-right: 0px !important;padding-bottom: 0px !important;padding-left: 0px !important;}\u00bb offset=\u00bbvc_col-lg-12 vc_col-md-12 vc_col-xs-12&#8243;][\/vc_column][\/vc_row][vc_row equal_height=\u00bbyes\u00bb css=\u00bb.vc_custom_1599755367860{margin-right: 0px !important;margin-left: 0px !important;padding-top: 0px !important;padding-bottom: 0px !important;background-position: 0 0 !important;background-repeat: [&hellip;]<\/p>\n","protected":false},"author":1,"featured_media":0,"parent":0,"menu_order":0,"comment_status":"closed","ping_status":"closed","template":"full-width.php","meta":{"_monsterinsights_skip_tracking":false,"_monsterinsights_sitenote_active":false,"_monsterinsights_sitenote_note":"","_monsterinsights_sitenote_category":0,"footnotes":"","_links_to":"","_links_to_target":""},"class_list":["post-5416","page","type-page","status-publish","hentry"],"_links":{"self":[{"href":"https:\/\/espacio.co.cr\/rudinarquitectura\/wp-json\/wp\/v2\/pages\/5416","targetHints":{"allow":["GET"]}}],"collection":[{"href":"https:\/\/espacio.co.cr\/rudinarquitectura\/wp-json\/wp\/v2\/pages"}],"about":[{"href":"https:\/\/espacio.co.cr\/rudinarquitectura\/wp-json\/wp\/v2\/types\/page"}],"author":[{"embeddable":true,"href":"https:\/\/espacio.co.cr\/rudinarquitectura\/wp-json\/wp\/v2\/users\/1"}],"replies":[{"embeddable":true,"href":"https:\/\/espacio.co.cr\/rudinarquitectura\/wp-json\/wp\/v2\/comments?post=5416"}],"version-history":[{"count":33,"href":"https:\/\/espacio.co.cr\/rudinarquitectura\/wp-json\/wp\/v2\/pages\/5416\/revisions"}],"predecessor-version":[{"id":10895,"href":"https:\/\/espacio.co.cr\/rudinarquitectura\/wp-json\/wp\/v2\/pages\/5416\/revisions\/10895"}],"wp:attachment":[{"href":"https:\/\/espacio.co.cr\/rudinarquitectura\/wp-json\/wp\/v2\/media?parent=5416"}],"curies":[{"name":"wp","href":"https:\/\/api.w.org\/{rel}","templated":true}]}}